{"id":882,"date":"2024-03-13T12:10:57","date_gmt":"2024-03-13T11:10:57","guid":{"rendered":"https:\/\/andreas-theurer.com\/?page_id=882"},"modified":"2026-04-01T22:10:45","modified_gmt":"2026-04-01T20:10:45","slug":"offenes-haus","status":"publish","type":"page","link":"https:\/\/andreas-theurer.com\/en\/platzgestaltung\/offenes-haus\/","title":{"rendered":"Offenes Haus"},"content":{"rendered":"\n<h2 class=\"wp-block-heading\">Offenes Haus . Berlin . 2007<\/h2>\n\n\n<style>#jtg-869 .modula-item .jtg-social a, .lightbox-socials.jtg-social a{ fill: #ffffff; color: #ffffff }#jtg-869 .modula-item .jtg-social-expandable a, #jtg-869 .modula-item .jtg-social-expandable-icons a{ fill: #ffffff; color: #ffffff }#jtg-869 .modula-item .jtg-social svg, .lightbox-socials.jtg-social svg { height: 16px; width: 16px }#jtg-869 .modula-item .jtg-social-expandable svg { height: 16px; width: 16px }#jtg-869 .modula-item .jtg-social-expandable-icons svg { height: 16px; width: 16px }#jtg-869 .modula-item .jtg-social a:not(:last-child), .lightbox-socials.jtg-social a:not(:last-child) { margin-right: 10px }#jtg-869 .modula-item .jtg-social-expandable-icons { gap: 10px }#jtg-869 .modula-item .figc {color:#000000;}#jtg-869 .modula-item .modula-item-content { transform: scale(1); }#jtg-869{max-width:90%}#jtg-869 { width:90%;}#jtg-869 .modula-items .figc p.description { font-size:22px; }#jtg-869 .modula-items .figc p.description { color:#000000;}#jtg-869.modula-gallery .modula-item > a, #jtg-869.modula-gallery .modula-item, #jtg-869.modula-gallery .modula-item-content > a:not(.modula-no-follow) { cursor:zoom-in; } #jtg-869.modula-gallery .modula-item-content .modula-no-follow { cursor: default; } @media screen and (max-width:480px){#jtg-869 .modula-item .figc .jtg-title {  font-size: 12px; }#jtg-869 .modula-items .figc p.description { color:#000000;font-size:10px; }}<\/style>\n<div  id=\"jtg-869\" class=\"modula modula-gallery modula-columns\" data-config=\"{&quot;tabletHeight&quot;:800,&quot;mobileHeight&quot;:800,&quot;desktopHeight&quot;:800,&quot;enableTwitter&quot;:false,&quot;enableWhatsapp&quot;:false,&quot;enableFacebook&quot;:false,&quot;enablePinterest&quot;:false,&quot;enableLinkedin&quot;:false,&quot;enableEmail&quot;:false,&quot;randomFactor&quot;:0.5,&quot;type&quot;:&quot;grid&quot;,&quot;columns&quot;:12,&quot;gutter&quot;:10,&quot;mobileGutter&quot;:10,&quot;tabletGutter&quot;:10,&quot;desktopGutter&quot;:10,&quot;enableResponsive&quot;:&quot;0&quot;,&quot;tabletColumns&quot;:2,&quot;mobileColumns&quot;:1,&quot;lazyLoad&quot;:0,&quot;lightboxOpts&quot;:{&quot;animated&quot;:true,&quot;Thumbs&quot;:{&quot;type&quot;:&quot;modern&quot;,&quot;showOnStart&quot;:false},&quot;Toolbar&quot;:{&quot;display&quot;:{&quot;right&quot;:[&quot;close&quot;]},&quot;enabled&quot;:true},&quot;Carousel&quot;:{&quot;Panzoom&quot;:{&quot;touch&quot;:false},&quot;infinite&quot;:false},&quot;keyboard&quot;:{&quot;Escape&quot;:&quot;close&quot;,&quot;Delete&quot;:&quot;close&quot;,&quot;Backspace&quot;:&quot;close&quot;,&quot;PageUp&quot;:false,&quot;PageDown&quot;:false,&quot;ArrowUp&quot;:false,&quot;ArrowDown&quot;:false,&quot;ArrowRight&quot;:false,&quot;ArrowLeft&quot;:false},&quot;touch&quot;:false,&quot;backdropClick&quot;:false,&quot;l10n&quot;:{&quot;CLOSE&quot;:&quot;Close&quot;,&quot;NEXT&quot;:&quot;Next&quot;,&quot;PREV&quot;:&quot;Previous&quot;,&quot;Error&quot;:&quot;The requested content cannot be loaded. Please try again later.&quot;,&quot;PLAY_START&quot;:&quot;Start slideshow&quot;,&quot;PLAY_STOP&quot;:&quot;Pause slideshow&quot;,&quot;FULL_SCREEN&quot;:&quot;Full screen&quot;,&quot;THUMBS&quot;:&quot;Thumbnails&quot;,&quot;DOWNLOAD&quot;:&quot;Download&quot;,&quot;SHARE&quot;:&quot;Share&quot;,&quot;ZOOM&quot;:&quot;Zoom&quot;,&quot;EMAIL&quot;:&quot;Here is the link to the image : %%image_link%% and this is the link to the gallery : %%gallery_link%%&quot;,&quot;MODAL&quot;:&quot;You can close this modal content with the ESC key&quot;,&quot;ERROR&quot;:&quot;Something Went Wrong, Please Try Again Later&quot;,&quot;IMAGE_ERROR&quot;:&quot;Image Not Found&quot;,&quot;ELEMENT_NOT_FOUND&quot;:&quot;HTML Element Not Found&quot;,&quot;AJAX_NOT_FOUND&quot;:&quot;Error Loading AJAX : Not Found&quot;,&quot;AJAX_FORBIDDEN&quot;:&quot;Error Loading AJAX : Forbidden&quot;,&quot;IFRAME_ERROR&quot;:&quot;Error Loading Page&quot;,&quot;TOGGLE_ZOOM&quot;:&quot;Toggle zoom level&quot;,&quot;TOGGLE_THUMBS&quot;:&quot;Toggle thumbnails&quot;,&quot;TOGGLE_SLIDESHOW&quot;:&quot;Toggle slideshow&quot;,&quot;TOGGLE_FULLSCREEN&quot;:&quot;Toggle full-screen mode&quot;},&quot;Images&quot;:{&quot;Panzoom&quot;:{&quot;maxScale&quot;:2}},&quot;mainClass&quot;:&quot;modula-fancybox-container modula-lightbox-jtg-869&quot;,&quot;Html&quot;:{&quot;videoAutoplay&quot;:0,&quot;videoTpl&quot;:&quot;&lt;video class=\\&quot;fancybox__html5video\\&quot; controls muted playsinline controlsList controlsList=\\&quot;nodownload\\&quot; poster=\\&quot;{{poster}}\\&quot; src=\\&quot;{{src}}\\&quot; type=\\&quot;{{format}}\\&quot; &gt;  Sorry, your browser doesn&#039;t support embedded videos, &lt;a href=\\&quot;{{src}}\\&quot;&gt; download &lt;\\\/a&gt; and watch with your favorite video player! &lt;\\\/video&gt;&quot;}},&quot;inView&quot;:false,&quot;email_subject&quot;:&quot;Check out this awesome image !!&quot;,&quot;email_message&quot;:&quot;Here is the link to the image : %%image_link%% and this is the link to the gallery : %%gallery_link%%&quot;,&quot;grid_type&quot;:&quot;automatic&quot;,&quot;rowHeight&quot;:200,&quot;lastRow&quot;:&quot;nojustify&quot;,&quot;lightbox&quot;:&quot;fancybox&quot;}\">\n\n\t\n\t<div  class=\"modula-items grid-gallery\">\n\t\t<div class=\"modula-item effect-pufrobo\" >\n\t<div class=\"modula-item-overlay\"><\/div>\n\n\t<div class=\"modula-item-content\">\n\n\t\t\t\t\n\t\t\t\t\t<a data-image-id=\"1054\" role=\"button\" tabindex=\"0\" rel=\"jtg-869\" data-caption=\"Offenes Haus . 2007 . Cortenstahl . 255 x 230 x 81 . Berlin Einemstra\u00dfe\" aria-label=\"Open image in lightbox\" class=\"tile-inner modula-item-link\"><\/a>\n\t\t\n\t\t<img loading=\"lazy\" decoding=\"async\" class=\"pic wp-image-1054\"  data-valign=\"middle\" data-halign=\"center\" alt=\"\" data-full=\"https:\/\/andreas-theurer.com\/wordpress\/wp-content\/uploads\/2025\/01\/3.1_2007_OpenDoor_neu.jpg\" title=\"3.1_2007_OpenDoor_neu\" width=\"300\" height=\"199\" src=\"https:\/\/andreas-theurer.com\/wordpress\/wp-content\/uploads\/2025\/01\/3.1_2007_OpenDoor_neu-300x199.jpg\" data-src=\"https:\/\/andreas-theurer.com\/wordpress\/wp-content\/uploads\/2025\/01\/3.1_2007_OpenDoor_neu-300x199.jpg\" data-caption=\"Offenes Haus . 2007 . Cortenstahl . 255 x 230 x 81 . Berlin Einemstra\u00dfe\" srcset=\"https:\/\/andreas-theurer.com\/wordpress\/wp-content\/uploads\/2025\/01\/3.1_2007_OpenDoor_neu.jpg 1200w, https:\/\/andreas-theurer.com\/wordpress\/wp-content\/uploads\/2025\/01\/3.1_2007_OpenDoor_neu-300x199.jpg 300w, https:\/\/andreas-theurer.com\/wordpress\/wp-content\/uploads\/2025\/01\/3.1_2007_OpenDoor_neu-1024x678.jpg 1024w, https:\/\/andreas-theurer.com\/wordpress\/wp-content\/uploads\/2025\/01\/3.1_2007_OpenDoor_neu-768x508.jpg 768w\" sizes=\"auto, (max-width: 300px) 100vw, 300px\" \/>\n\t\t<div class=\"figc\">\n\t\t\t<div class=\"figc-inner\">\n\t\t\t\t\t\t\t\t\t\t\t\t\t<p class=\"description\">Offenes Haus . 2007 . Cortenstahl . 255 x 230 x 81 . Berlin Einemstra\u00dfe<\/p>\n\t\t\t\t\t\t\t\t\t\t\t<\/div>\n\t\t<\/div>\n\n\t<\/div>\n\n<\/div><div class=\"modula-item effect-pufrobo\" >\n\t<div class=\"modula-item-overlay\"><\/div>\n\n\t<div class=\"modula-item-content\">\n\n\t\t\t\t\n\t\t\t\t\t<a data-image-id=\"1052\" role=\"button\" tabindex=\"0\" rel=\"jtg-869\" data-caption=\"Offenes Haus . 2007 . Cortenstahl . 255 x 230 x 81 . Berlin Einemstra\u00dfe\" aria-label=\"Open image in lightbox\" class=\"tile-inner modula-item-link\"><\/a>\n\t\t\n\t\t<img loading=\"lazy\" decoding=\"async\" class=\"pic wp-image-1052\"  data-valign=\"middle\" data-halign=\"center\" alt=\"\" data-full=\"https:\/\/andreas-theurer.com\/wordpress\/wp-content\/uploads\/2025\/01\/3.2_2007_OpenDoor_neu.jpg\" title=\"3.2_2007_OpenDoor_neu\" width=\"300\" height=\"200\" src=\"https:\/\/andreas-theurer.com\/wordpress\/wp-content\/uploads\/2025\/01\/3.2_2007_OpenDoor_neu-300x200.jpg\" data-src=\"https:\/\/andreas-theurer.com\/wordpress\/wp-content\/uploads\/2025\/01\/3.2_2007_OpenDoor_neu-300x200.jpg\" data-caption=\"Offenes Haus . 2007 . Cortenstahl . 255 x 230 x 81 . Berlin Einemstra\u00dfe\" srcset=\"https:\/\/andreas-theurer.com\/wordpress\/wp-content\/uploads\/2025\/01\/3.2_2007_OpenDoor_neu.jpg 1200w, https:\/\/andreas-theurer.com\/wordpress\/wp-content\/uploads\/2025\/01\/3.2_2007_OpenDoor_neu-300x200.jpg 300w, https:\/\/andreas-theurer.com\/wordpress\/wp-content\/uploads\/2025\/01\/3.2_2007_OpenDoor_neu-1024x683.jpg 1024w, https:\/\/andreas-theurer.com\/wordpress\/wp-content\/uploads\/2025\/01\/3.2_2007_OpenDoor_neu-768x512.jpg 768w\" sizes=\"auto, (max-width: 300px) 100vw, 300px\" \/>\n\t\t<div class=\"figc\">\n\t\t\t<div class=\"figc-inner\">\n\t\t\t\t\t\t\t\t\t\t\t\t\t<p class=\"description\">Offenes Haus . 2007 . Cortenstahl . 255 x 230 x 81 . Berlin Einemstra\u00dfe<\/p>\n\t\t\t\t\t\t\t\t\t\t\t<\/div>\n\t\t<\/div>\n\n\t<\/div>\n\n<\/div><div class=\"modula-item effect-pufrobo\" >\n\t<div class=\"modula-item-overlay\"><\/div>\n\n\t<div class=\"modula-item-content\">\n\n\t\t\t\t\n\t\t\t\t\t<a data-image-id=\"1053\" role=\"button\" tabindex=\"0\" rel=\"jtg-869\" data-caption=\"Offenes Haus . 2007 . Cortenstahl . 255 x 230 x 81 . Berlin Einemstra\u00dfe\" aria-label=\"Open image in lightbox\" class=\"tile-inner modula-item-link\"><\/a>\n\t\t\n\t\t<img loading=\"lazy\" decoding=\"async\" class=\"pic wp-image-1053\"  data-valign=\"middle\" data-halign=\"center\" alt=\"\" data-full=\"https:\/\/andreas-theurer.com\/wordpress\/wp-content\/uploads\/2025\/01\/3.3_2007_OpenDoor_neu.jpg\" title=\"3.3_2007_OpenDoor_neu\" width=\"300\" height=\"200\" src=\"https:\/\/andreas-theurer.com\/wordpress\/wp-content\/uploads\/2025\/01\/3.3_2007_OpenDoor_neu-300x200.jpg\" data-src=\"https:\/\/andreas-theurer.com\/wordpress\/wp-content\/uploads\/2025\/01\/3.3_2007_OpenDoor_neu-300x200.jpg\" data-caption=\"Offenes Haus . 2007 . Cortenstahl . 255 x 230 x 81 . Berlin Einemstra\u00dfe\" srcset=\"https:\/\/andreas-theurer.com\/wordpress\/wp-content\/uploads\/2025\/01\/3.3_2007_OpenDoor_neu.jpg 1200w, https:\/\/andreas-theurer.com\/wordpress\/wp-content\/uploads\/2025\/01\/3.3_2007_OpenDoor_neu-300x200.jpg 300w, https:\/\/andreas-theurer.com\/wordpress\/wp-content\/uploads\/2025\/01\/3.3_2007_OpenDoor_neu-1024x683.jpg 1024w, https:\/\/andreas-theurer.com\/wordpress\/wp-content\/uploads\/2025\/01\/3.3_2007_OpenDoor_neu-768x512.jpg 768w\" sizes=\"auto, (max-width: 300px) 100vw, 300px\" \/>\n\t\t<div class=\"figc\">\n\t\t\t<div class=\"figc-inner\">\n\t\t\t\t\t\t\t\t\t\t\t\t\t<p class=\"description\">Offenes Haus . 2007 . Cortenstahl . 255 x 230 x 81 . Berlin Einemstra\u00dfe<\/p>\n\t\t\t\t\t\t\t\t\t\t\t<\/div>\n\t\t<\/div>\n\n\t<\/div>\n\n<\/div>\t\t\n\t<\/div>\n\n\t\n\t\n\t<script type=\"application\/ld+json\">\n\t{\n\t\t\"@context\": \"http:\/\/schema.org\",\n\t\t\"@type\"   : \"ImageGallery\",\n\t\t\"id\"      : \"https:\/\/andreas-theurer.com\/en\/platzgestaltung\/offenes-haus\/\",\n\t\t\"url\"     : \"https:\/\/andreas-theurer.com\/en\/platzgestaltung\/offenes-haus\/\"\n\t}\n\n\t<\/script>\n\n\t\n<\/div>\n\n\n\n\n<p>Die Skulptur greift das Thema der Zuwanderung auf. Sie ist Symbol f\u00fcr Integration, Toleranz und kulturelle Vielfalt. <br>Die kompositorische Faltung von Fl\u00e4chen, erzeugt statische Stabilit\u00e4t und verleiht dem Objekt eine perspektivisch illusionistische Wirkung. Das Motiv von Haus, T\u00fcr und Mensch ist zeichenhaft archaisch. Ein nat\u00fcrliches Schattenspiel &#8211; \u00e4hnlich einer Sonnenuhr entworfen &#8211; \u00fcberrascht den Betrachter und schafft eine Sph\u00e4re, die Realit\u00e4t und Vision verkn\u00fcpft. Die Figur bildet dabei gleichzeitig K\u00f6rper und Raum, ist stofflich und immateriell, zeigt Pr\u00e4senz und Absenz zugleich. Ort und Identit\u00e4t werden so zur existenziellen Frage.<br>Die Skulptur will an die zahllosen Einzelschicksale und ihren oft tragischen Verlust von Heimat und Identit\u00e4t erinnern. \u00dcber die Hoffnung auf Offene T\u00fcren hinaus, ist das Recht auf Asyl in unserer Verfassung verankert. <br>Der kleine Platz hat als Denkort f\u00fcr Integration, Toleranz und kulturelle Vielfalt einen gro\u00dfen Anspruch.<\/p>\n","protected":false},"excerpt":{"rendered":"<p>Offenes Haus . Berlin . 2007 Die Skulptur greift das Thema der Zuwanderung auf. Sie ist Symbol f\u00fcr Integration, Toleranz und kulturelle Vielfalt. Die kompositorische Faltung von Fl\u00e4chen, erzeugt statische Stabilit\u00e4t und verleiht dem Objekt eine perspektivisch illusionistische Wirkung. Das Motiv von Haus, T\u00fcr und Mensch ist zeichenhaft archaisch. Ein nat\u00fcrliches Schattenspiel &#8211; \u00e4hnlich einer [&hellip;]<\/p>\n","protected":false},"author":1,"featured_media":0,"parent":284,"menu_order":0,"comment_status":"closed","ping_status":"closed","template":"","meta":{"footnotes":""},"class_list":["post-882","page","type-page","status-publish","hentry"],"_links":{"self":[{"href":"https:\/\/andreas-theurer.com\/en\/wp-json\/wp\/v2\/pages\/882","targetHints":{"allow":["GET"]}}],"collection":[{"href":"https:\/\/andreas-theurer.com\/en\/wp-json\/wp\/v2\/pages"}],"about":[{"href":"https:\/\/andreas-theurer.com\/en\/wp-json\/wp\/v2\/types\/page"}],"author":[{"embeddable":true,"href":"https:\/\/andreas-theurer.com\/en\/wp-json\/wp\/v2\/users\/1"}],"replies":[{"embeddable":true,"href":"https:\/\/andreas-theurer.com\/en\/wp-json\/wp\/v2\/comments?post=882"}],"version-history":[{"count":5,"href":"https:\/\/andreas-theurer.com\/en\/wp-json\/wp\/v2\/pages\/882\/revisions"}],"predecessor-version":[{"id":1338,"href":"https:\/\/andreas-theurer.com\/en\/wp-json\/wp\/v2\/pages\/882\/revisions\/1338"}],"up":[{"embeddable":true,"href":"https:\/\/andreas-theurer.com\/en\/wp-json\/wp\/v2\/pages\/284"}],"wp:attachment":[{"href":"https:\/\/andreas-theurer.com\/en\/wp-json\/wp\/v2\/media?parent=882"}],"curies":[{"name":"wp","href":"https:\/\/api.w.org\/{rel}","templated":true}]}}