{"id":752,"date":"2024-02-17T13:54:15","date_gmt":"2024-02-17T12:54:15","guid":{"rendered":"https:\/\/andreastheurer.web257.s153.goserver.host\/?page_id=752"},"modified":"2024-02-17T13:54:15","modified_gmt":"2024-02-17T12:54:15","slug":"text-stoetzer","status":"publish","type":"page","link":"https:\/\/andreas-theurer.com\/en\/text-stoetzer\/","title":{"rendered":"Text St\u00f6tzer"},"content":{"rendered":"<h2 class=\"wp-block-heading\">Werner St\u00f6tzer . 1993<\/h2>\n\n\n\n<p>Die Kenntniss \u00fcber die Arbeit des Andreas Theurer f\u00fchrte zu dem Wunsch einer pers\u00f6nlichen Begegnung mit ihm. F\u00fcr mich, den \u00c4lteren, war das ein Gewinn. Der Begegnung folgte durch Neugierde ein Kennenlernen von Theurers Werk.<br><br>Auffallend war f\u00fcr mich, das sein Formbilden aus einer geistig-sinnlichen Betrachtung der Natur und durch Erfahrung bei der Arbeit erworben wurde. Seine Entwicklung basiert auf einem handwerklichen K\u00f6nnen, ich kann das beurteilen, er ist nicht stolz darauf, aber er hat seine Bildhauerei darauf gegr\u00fcndet. Er fand dabei Ma\u00dfst\u00e4be, die das Gewicht zweier Jahrtausende f\u00fcr sich haben.<br><br>Es gibt bei ihm keine erdachten Theorien, es ist vielmehr die unumg\u00e4ngliche Suche nach dem uralten Zusammenhang zwischen Stoff und Form. In einer Zeit, da alles und auch nichts zur Kunst erkl\u00e4rt werden kann, schl\u00e4gt er seine Skulpturen aus dem Stein, wissend um die Dauer der Arbeit. Will sagen, nicht f\u00fcr einen Apell, nicht f\u00fcr den Tag und schon gar nicht f\u00fcr eine Mode.<br><br>Es entsteht ein Arbeitsbild, kein Seinsbild. In diesem Arbeitsbild erscheinen nun seine Skulpturen \u2013 sie weisen sich aus durch ein Zusammengehen von bruchst\u00fcckartiger Vereinzelung und sch\u00f6ner Ausformung der Bruchst\u00fccke zur Harmonie eines Ganzen. Bei den besten St\u00fccken gebiert der Arbeitsprozess am Ende die Frische des Anfangs.<\/p>\n\n\n\n<p><strong>Prof. Werner St\u00f6tzer<\/strong><br>(* 2. April 1931 in Sonneberg; \u2020 22. Juli 2010 in Altlangsow)<br>war ein deutscher Bildhauer und Zeichner. Seit 1978 war er Mitglied der Akademie der K\u00fcnste der DDR und der sp\u00e4teren Akademie der K\u00fcnste, Berlin.<\/p>","protected":false},"excerpt":{"rendered":"<p>Werner St\u00f6tzer . 1993 Die Kenntniss \u00fcber die Arbeit des Andreas Theurer f\u00fchrte zu dem Wunsch einer pers\u00f6nlichen Begegnung mit ihm. F\u00fcr mich, den \u00c4lteren, war das ein Gewinn. Der Begegnung folgte durch Neugierde ein Kennenlernen von Theurers Werk. Auffallend war f\u00fcr mich, das sein Formbilden aus einer geistig-sinnlichen Betrachtung der Natur und durch Erfahrung [&hellip;]<\/p>\n","protected":false},"author":1,"featured_media":0,"parent":0,"menu_order":0,"comment_status":"closed","ping_status":"closed","template":"","meta":{"footnotes":""},"class_list":["post-752","page","type-page","status-publish","hentry"],"_links":{"self":[{"href":"https:\/\/andreas-theurer.com\/en\/wp-json\/wp\/v2\/pages\/752","targetHints":{"allow":["GET"]}}],"collection":[{"href":"https:\/\/andreas-theurer.com\/en\/wp-json\/wp\/v2\/pages"}],"about":[{"href":"https:\/\/andreas-theurer.com\/en\/wp-json\/wp\/v2\/types\/page"}],"author":[{"embeddable":true,"href":"https:\/\/andreas-theurer.com\/en\/wp-json\/wp\/v2\/users\/1"}],"replies":[{"embeddable":true,"href":"https:\/\/andreas-theurer.com\/en\/wp-json\/wp\/v2\/comments?post=752"}],"version-history":[{"count":1,"href":"https:\/\/andreas-theurer.com\/en\/wp-json\/wp\/v2\/pages\/752\/revisions"}],"predecessor-version":[{"id":753,"href":"https:\/\/andreas-theurer.com\/en\/wp-json\/wp\/v2\/pages\/752\/revisions\/753"}],"wp:attachment":[{"href":"https:\/\/andreas-theurer.com\/en\/wp-json\/wp\/v2\/media?parent=752"}],"curies":[{"name":"wp","href":"https:\/\/api.w.org\/{rel}","templated":true}]}}