{"id":746,"date":"2024-02-17T13:51:52","date_gmt":"2024-02-17T12:51:52","guid":{"rendered":"https:\/\/andreastheurer.web257.s153.goserver.host\/?page_id=746"},"modified":"2024-02-17T13:51:52","modified_gmt":"2024-02-17T12:51:52","slug":"text-guezelhan","status":"publish","type":"page","link":"https:\/\/andreas-theurer.com\/en\/text-guezelhan\/","title":{"rendered":"Text G\u00fczelhan"},"content":{"rendered":"<h2 class=\"wp-block-heading\">\u00c7etin G\u00fczelhan . 2006<\/h2>\n\n\n\n<p>Die Dialektik in Theurers Arbeit ist offensichtlich. Bei aller formalen Strenge, Festigkeit und Statuarik f\u00fchren uns seine Skulpturen die Schieflage der Welt vor Augen. Denn wenn die Sicht der Dinge den eigenen Horizont \u00fcberwindet und verschiedene Perspektiven gleichzeitig gelten, dann schwankt die Welt, dann st\u00fcrzen die Linien, dann sp\u00fcren wir die Labilit\u00e4t unseres Daseins \u2013 und sehen die Welt mit Theurers Augen.<\/p>\n\n\n\n<p><strong>\u00c7etin G\u00fczelhan<\/strong><br>(* 1961 in Gaziantep, T\u00fcrkei)<br>ist Kunsthistoriker. Er forschte im Topkapi-Palast in Istanbul \u00fcber Aby Warburg, ist Berater der Kunstmesse \u201eContemporary Istanbul\u201c und Kurator zahlreicher Ausstellungen.<\/p>","protected":false},"excerpt":{"rendered":"<p>\u00c7etin G\u00fczelhan . 2006 Die Dialektik in Theurers Arbeit ist offensichtlich. Bei aller formalen Strenge, Festigkeit und Statuarik f\u00fchren uns seine Skulpturen die Schieflage der Welt vor Augen. Denn wenn die Sicht der Dinge den eigenen Horizont \u00fcberwindet und verschiedene Perspektiven gleichzeitig gelten, dann schwankt die Welt, dann st\u00fcrzen die Linien, dann sp\u00fcren wir die [&hellip;]<\/p>\n","protected":false},"author":1,"featured_media":0,"parent":0,"menu_order":0,"comment_status":"closed","ping_status":"closed","template":"","meta":{"footnotes":""},"class_list":["post-746","page","type-page","status-publish","hentry"],"_links":{"self":[{"href":"https:\/\/andreas-theurer.com\/en\/wp-json\/wp\/v2\/pages\/746","targetHints":{"allow":["GET"]}}],"collection":[{"href":"https:\/\/andreas-theurer.com\/en\/wp-json\/wp\/v2\/pages"}],"about":[{"href":"https:\/\/andreas-theurer.com\/en\/wp-json\/wp\/v2\/types\/page"}],"author":[{"embeddable":true,"href":"https:\/\/andreas-theurer.com\/en\/wp-json\/wp\/v2\/users\/1"}],"replies":[{"embeddable":true,"href":"https:\/\/andreas-theurer.com\/en\/wp-json\/wp\/v2\/comments?post=746"}],"version-history":[{"count":1,"href":"https:\/\/andreas-theurer.com\/en\/wp-json\/wp\/v2\/pages\/746\/revisions"}],"predecessor-version":[{"id":747,"href":"https:\/\/andreas-theurer.com\/en\/wp-json\/wp\/v2\/pages\/746\/revisions\/747"}],"wp:attachment":[{"href":"https:\/\/andreas-theurer.com\/en\/wp-json\/wp\/v2\/media?parent=746"}],"curies":[{"name":"wp","href":"https:\/\/api.w.org\/{rel}","templated":true}]}}