{"id":744,"date":"2024-02-17T13:51:22","date_gmt":"2024-02-17T12:51:22","guid":{"rendered":"https:\/\/andreastheurer.web257.s153.goserver.host\/?page_id=744"},"modified":"2024-02-17T13:51:22","modified_gmt":"2024-02-17T12:51:22","slug":"text-schirmer","status":"publish","type":"page","link":"https:\/\/andreas-theurer.com\/en\/text-schirmer\/","title":{"rendered":"Text Schirmer"},"content":{"rendered":"<h2 class=\"wp-block-heading\">Herbert Schirmer . 2010<\/h2>\n\n\n\n<h3 class=\"wp-block-heading\">\u00dcber Andreas Theurer, Katalog \u201eAteliers &amp; Werkst\u00e4tten\u201c, L\u00fcbben 2010<\/h3>\n\n\n\n<p>Andreas Theurer h\u00e4lt die Verbindung zwischen Tradition und Moderne und baut damit zugleich eine Rezeptionsbr\u00fccke, die zwischen den fig\u00fcrlichen Skulpturen aus Stein und den abstrakten Gestaltungsformen aus Wellpappe vermittelt. Einerseits setzte er sich engagiert mit dem menschlichen K\u00f6rper auseinander, den er in seiner realistischen Auspr\u00e4gung wie ein Artefakt einer bedrohten, untergehenden Zivilisation behandelt, andererseits weist die Monumentalplastik \u201cHimmelstor\u201d deutliche Bez\u00fcge zur Minimal Art auf.<\/p>\n\n\n\n<p>Sie erinnert in ihren kompakten Volumen und der geometrischen Sprache an industrielle Formen. Massiv geschlossene neben durchl\u00e4ssigen Einzelformen suggerieren ein Tor, das Durchl\u00e4ssigkeit gegen\u00fcber dem Umraum markiert und dessen zeichenhafte Signifikanz f\u00fcr eine Spiritualisierung der Skulptur steht. Ein k\u00fcnstlerisches Konstrukt, in das Eindeutigkeit, R\u00e4tsel und ironische Brechung zu gleichen Teilen eingehen. Das trifft auch auf die bestechend klare Sachlichkeit und die konstruktivistischen Elemente in den aus Wellpappe geformten Objekten zu.<\/p>\n\n\n\n<p>Deren Intensit\u00e4t wird durch die zeitgen\u00f6ssische Obsession f\u00fcr das Thema Informationsgesellschaft gesteigert. Wortspiele und Textfetzen, die als fragmentarisch lesbare Typografie der konstruktiven Erscheinung des Objektes angepasst sind, transferieren die allgegenw\u00e4rtigen Informationsmedien auf die Ebene sozialer Kommunikationsklischees.<\/p>\n\n\n\n<p><strong>Herbert Schirmer<\/strong><br>(* 8. Juli 1945 in Stadtlengsfeld)<br>war von April bis Oktober 1990 Minister f\u00fcr Kultur der DDR im Kabinett von Lothar de Maizi\u00e8re. Er lebt als Journalist in Lieberose und ist Mitglied des Stiftungsrates der Stiftung Neue Kultur.<\/p>","protected":false},"excerpt":{"rendered":"<p>Herbert Schirmer . 2010 \u00dcber Andreas Theurer, Katalog \u201eAteliers &amp; Werkst\u00e4tten\u201c, L\u00fcbben 2010 Andreas Theurer h\u00e4lt die Verbindung zwischen Tradition und Moderne und baut damit zugleich eine Rezeptionsbr\u00fccke, die zwischen den fig\u00fcrlichen Skulpturen aus Stein und den abstrakten Gestaltungsformen aus Wellpappe vermittelt. Einerseits setzte er sich engagiert mit dem menschlichen K\u00f6rper auseinander, den er in [&hellip;]<\/p>\n","protected":false},"author":1,"featured_media":0,"parent":0,"menu_order":0,"comment_status":"closed","ping_status":"closed","template":"","meta":{"footnotes":""},"class_list":["post-744","page","type-page","status-publish","hentry"],"_links":{"self":[{"href":"https:\/\/andreas-theurer.com\/en\/wp-json\/wp\/v2\/pages\/744","targetHints":{"allow":["GET"]}}],"collection":[{"href":"https:\/\/andreas-theurer.com\/en\/wp-json\/wp\/v2\/pages"}],"about":[{"href":"https:\/\/andreas-theurer.com\/en\/wp-json\/wp\/v2\/types\/page"}],"author":[{"embeddable":true,"href":"https:\/\/andreas-theurer.com\/en\/wp-json\/wp\/v2\/users\/1"}],"replies":[{"embeddable":true,"href":"https:\/\/andreas-theurer.com\/en\/wp-json\/wp\/v2\/comments?post=744"}],"version-history":[{"count":1,"href":"https:\/\/andreas-theurer.com\/en\/wp-json\/wp\/v2\/pages\/744\/revisions"}],"predecessor-version":[{"id":745,"href":"https:\/\/andreas-theurer.com\/en\/wp-json\/wp\/v2\/pages\/744\/revisions\/745"}],"wp:attachment":[{"href":"https:\/\/andreas-theurer.com\/en\/wp-json\/wp\/v2\/media?parent=744"}],"curies":[{"name":"wp","href":"https:\/\/api.w.org\/{rel}","templated":true}]}}