{"id":738,"date":"2024-02-17T13:48:23","date_gmt":"2024-02-17T12:48:23","guid":{"rendered":"https:\/\/andreastheurer.web257.s153.goserver.host\/?page_id=738"},"modified":"2024-02-17T13:48:23","modified_gmt":"2024-02-17T12:48:23","slug":"text-prantl","status":"publish","type":"page","link":"https:\/\/andreas-theurer.com\/en\/text-prantl\/","title":{"rendered":"Text Prantl"},"content":{"rendered":"<h2 class=\"wp-block-heading\">Heribert Prantl . 2012<\/h2>\n\n\n\n<p>Auszug aus der Festrede zur Einweihung des Wirth-Denkmals \u201eTrib\u00fcne\u201c in Hof am 25.11.2012<br><br>Liebe Freundinnen und Freunde der Pressefreiheit, liebe Festg\u00e4ste bei der Feier dieses sch\u00f6nsten und einzigen Denkmals der Pressefreiheit in Deutschland, das Hof zu einem Ort macht, an dem man die Demokratie begehen, betreten und auch besitzen kann:<br><br>Einigkeit und Recht und Freiheit haben jetzt hier in Hof einen ganz besonderen, einen ganz speziellen Ort. Hof wird damit sozusagen zur \u201eDeutschen Trib\u00fcne\u201c<\/p>\n\n\n\n<p><strong>Prof. Dr. Heribert Prantl<\/strong><br>(* 30. Juli 1953 in Nittenau, Bayern)<br>ist ein deutscher Jurist, Journalist und Autor. Er leitet das Ressort f\u00fcr Innenpolitik bei der S\u00fcddeutschen Zeitung in M\u00fcnchen und ist Mitglied der Chefredaktion.<\/p>","protected":false},"excerpt":{"rendered":"<p>Heribert Prantl . 2012 Auszug aus der Festrede zur Einweihung des Wirth-Denkmals \u201eTrib\u00fcne\u201c in Hof am 25.11.2012 Liebe Freundinnen und Freunde der Pressefreiheit, liebe Festg\u00e4ste bei der Feier dieses sch\u00f6nsten und einzigen Denkmals der Pressefreiheit in Deutschland, das Hof zu einem Ort macht, an dem man die Demokratie begehen, betreten und auch besitzen kann: Einigkeit [&hellip;]<\/p>\n","protected":false},"author":1,"featured_media":0,"parent":0,"menu_order":0,"comment_status":"closed","ping_status":"closed","template":"","meta":{"footnotes":""},"class_list":["post-738","page","type-page","status-publish","hentry"],"_links":{"self":[{"href":"https:\/\/andreas-theurer.com\/en\/wp-json\/wp\/v2\/pages\/738","targetHints":{"allow":["GET"]}}],"collection":[{"href":"https:\/\/andreas-theurer.com\/en\/wp-json\/wp\/v2\/pages"}],"about":[{"href":"https:\/\/andreas-theurer.com\/en\/wp-json\/wp\/v2\/types\/page"}],"author":[{"embeddable":true,"href":"https:\/\/andreas-theurer.com\/en\/wp-json\/wp\/v2\/users\/1"}],"replies":[{"embeddable":true,"href":"https:\/\/andreas-theurer.com\/en\/wp-json\/wp\/v2\/comments?post=738"}],"version-history":[{"count":1,"href":"https:\/\/andreas-theurer.com\/en\/wp-json\/wp\/v2\/pages\/738\/revisions"}],"predecessor-version":[{"id":739,"href":"https:\/\/andreas-theurer.com\/en\/wp-json\/wp\/v2\/pages\/738\/revisions\/739"}],"wp:attachment":[{"href":"https:\/\/andreas-theurer.com\/en\/wp-json\/wp\/v2\/media?parent=738"}],"curies":[{"name":"wp","href":"https:\/\/api.w.org\/{rel}","templated":true}]}}