{"id":732,"date":"2024-02-17T13:45:54","date_gmt":"2024-02-17T12:45:54","guid":{"rendered":"https:\/\/andreastheurer.web257.s153.goserver.host\/?page_id=732"},"modified":"2024-07-02T16:13:47","modified_gmt":"2024-07-02T14:13:47","slug":"text-ehrt","status":"publish","type":"page","link":"https:\/\/andreas-theurer.com\/en\/text-ehrt\/","title":{"rendered":"Text Ehrt"},"content":{"rendered":"<h2 class=\"wp-block-heading\">Rainer Ehrt . 2018<\/h2>\n\n\n\n<p>zur Vernissage Theurer \/ Beumelburg am 3.6. im Kunstverein Kleinmachnow (Auszug)<\/p>\n\n\n\n<p>Andreas Theurer stammt aus G\u00f6ppingen und hat an der Kunstakademe Stuttgart bei Alfred Hrdlicka Bildhauerei studiert. Nach verschiedenen Lehr\u00e4mtern in Braunschweig und Berlin ist er seit 1993 Professor an der Hochschule Anhalt am Bauhaus Dessau. Eine gro\u00dfe Ausstellung von ihm ist \u00fcbrigens gerade in der Vertretung des Landes Rheinland -Pfalz in Berlin zusehen, zusammen mit Bildern von Edite Grinberga. Ich erw\u00e4hnte schon seine Relief- Skulptur \u201eRaumparadox\u201c, die auf eine strenge, aber doch auch spielerische Weise einen artifiziellen Raum im Raum \u00f6ffnet (Einstein h\u00e4tte seine Freude daran gehabt\u2026)<\/p>\n\n\n\n<p>Theurer sagt selbst dazu: \u201eIch arbeite mit einer Geometrie, die nicht der Verortung, sondern der Ortsver\u00e4nderung geschuldet ist. Zeit-Geometrie hab ich sie manchmal genannt\u201c. In diese Ausstellung reichen seine Mittel dazu von gebeizten, bemalten, angeschliffenen H\u00f6lzern \u00fcber lasergeschnittenen Stahl bis hin zu Skulpturen aus leichter Wellpappe, welche letztere er aber auf faszinierende Weise kolossal, schwer und zeichenhaft zu machen versteht, so dass man kaum glaubt, dass die alten Dielen des Landarbeiterhauses sie aushalten. Die Monumentalit\u00e4t, Zeichenhaftigkeit und existentielle Wucht von Theurers Figuren sind also nicht nur am Material, auch nicht nur an der schieren Gr\u00f6\u00dfe festgemacht, gro\u00df sind sie auch im Kleinen. So wenig zuf\u00e4llig sich harte und weiche Kanten, glatte und schrundige Oberfl\u00e4chen, geballtes Volumen und feine stereometrische Lineaturen in dieser Plastik begegnen, so wenig zuf\u00e4llig sind sie auch im jeweiligen Raum, in dem sie sich aufhalten, und zueinander platziert. Sie dialogisieren doppelt: Mit uns und untereinander. Theurers Figuren bringen es fertig, bestimmend und offen zugleich zu sein, und sie wirken nicht gesucht, sondern gefunden, um einen bekannten Satz Picassos abzuwandeln. Die samtigen Schw\u00e4rzungen und illusion\u00e4ren Raumlinien, welche sie \u00fcberziehen, sind Elemente einer beinahe sakralen Stille und eines anderen, erweiterten Raumverst\u00e4ndnisses, aber daneben und dar\u00fcber hinaus sind sie auch einfach von einer strengen Sch\u00f6nheit.<\/p>\n\n\n\n<p><strong>Rainer Ehrt<\/strong><br>(* 13. August 1960 in Elbingerode, Harz)<br>ist ein deutscher Maler, Grafiker, Illustrator, Cartoonist und Autor. F\u00fcr sein k\u00fcnstlerisches Werk hat er zahlreiche nationale und internationale Preise erhalten. Er lebt in Kleinmachnow und ist Leiter des Kleinmachnower Kunstvereins \u201eDie Br\u00fccke\u201c.<\/p>","protected":false},"excerpt":{"rendered":"<p>Rainer Ehrt . 2018 zur Vernissage Theurer \/ Beumelburg am 3.6. im Kunstverein Kleinmachnow (Auszug) Andreas Theurer stammt aus G\u00f6ppingen und hat an der Kunstakademe Stuttgart bei Alfred Hrdlicka Bildhauerei studiert. Nach verschiedenen Lehr\u00e4mtern in Braunschweig und Berlin ist er seit 1993 Professor an der Hochschule Anhalt am Bauhaus Dessau. Eine gro\u00dfe Ausstellung von ihm [&hellip;]<\/p>\n","protected":false},"author":1,"featured_media":0,"parent":0,"menu_order":0,"comment_status":"closed","ping_status":"closed","template":"","meta":{"footnotes":""},"class_list":["post-732","page","type-page","status-publish","hentry"],"_links":{"self":[{"href":"https:\/\/andreas-theurer.com\/en\/wp-json\/wp\/v2\/pages\/732","targetHints":{"allow":["GET"]}}],"collection":[{"href":"https:\/\/andreas-theurer.com\/en\/wp-json\/wp\/v2\/pages"}],"about":[{"href":"https:\/\/andreas-theurer.com\/en\/wp-json\/wp\/v2\/types\/page"}],"author":[{"embeddable":true,"href":"https:\/\/andreas-theurer.com\/en\/wp-json\/wp\/v2\/users\/1"}],"replies":[{"embeddable":true,"href":"https:\/\/andreas-theurer.com\/en\/wp-json\/wp\/v2\/comments?post=732"}],"version-history":[{"count":2,"href":"https:\/\/andreas-theurer.com\/en\/wp-json\/wp\/v2\/pages\/732\/revisions"}],"predecessor-version":[{"id":964,"href":"https:\/\/andreas-theurer.com\/en\/wp-json\/wp\/v2\/pages\/732\/revisions\/964"}],"wp:attachment":[{"href":"https:\/\/andreas-theurer.com\/en\/wp-json\/wp\/v2\/media?parent=732"}],"curies":[{"name":"wp","href":"https:\/\/api.w.org\/{rel}","templated":true}]}}