{"id":724,"date":"2024-02-17T13:32:52","date_gmt":"2024-02-17T12:32:52","guid":{"rendered":"https:\/\/andreastheurer.web257.s153.goserver.host\/?page_id=724"},"modified":"2026-03-27T09:38:15","modified_gmt":"2026-03-27T08:38:15","slug":"texte-uebersicht","status":"publish","type":"page","link":"https:\/\/andreas-theurer.com\/en\/texte-uebersicht\/","title":{"rendered":"Texte \u00dcbersicht"},"content":{"rendered":"<h2 class=\"wp-block-heading\">Texts<\/h2>\n\n\n\n<div class=\"wp-block-group\"><div class=\"wp-block-group__inner-container is-layout-constrained wp-block-group-is-layout-constrained\">\n<h4 class=\"wp-block-heading\">Katharina Grosch . 2024<\/h4>\n\n\n\n<p><\/p>\n\n\n\n<h4 class=\"wp-block-heading\">Antje Lechleiter . 2018<\/h4>\n\n\n\n<p><a href=\"https:\/\/andreas-theurer.com\/en\/wordpress\/text-lechleitner\/\">Zur Er\u00f6ffnung der Ausstellung \u201ePositionen im Raum\u201c in der st\u00e4dtischen Galerie im Alten Rathaus in Lahr<\/a><\/p>\n<\/div><\/div>\n\n\n\n<div class=\"wp-block-group\"><div class=\"wp-block-group__inner-container is-layout-constrained wp-block-group-is-layout-constrained\">\n<h4 class=\"wp-block-heading\">Rainer Ehrt . 2018<\/h4>\n\n\n\n<p><a href=\"https:\/\/andreas-theurer.com\/en\/text-ehrt\/\">Zur Vernissage Theurer \/ Beumelburg am 3.6. im Kunstverein Kleinmachnow (Auszug)<\/a><\/p>\n<\/div><\/div>\n\n\n\n<div class=\"wp-block-group\"><div class=\"wp-block-group__inner-container is-layout-constrained wp-block-group-is-layout-constrained\">\n<h4 class=\"wp-block-heading\">Dorothee Bauerle-Willert . 2016<\/h4>\n\n\n\n<p><a href=\"https:\/\/andreas-theurer.com\/en\/wordpress\/text-bauerle-willert\/\">Zur Er\u00f6ffnung der Ausstellung \u201eMarion Eichmann, Karsten Kusch, Andreas Theurer\u201c im Gehag Forum der Deutsche Wohnen AG am 22.06.2016 (Auszug)<\/a><\/p>\n<\/div><\/div>\n\n\n\n<div class=\"wp-block-group\"><div class=\"wp-block-group__inner-container is-layout-constrained wp-block-group-is-layout-constrained\">\n<h4 class=\"wp-block-heading\">Birgit M\u00f6ckel . 2015<\/h4>\n\n\n\n<p><a href=\"https:\/\/andreas-theurer.com\/en\/text-moeckel\/\">Nicht von Pappe.<br>Zur Sprache des Materials in einer aktuellen Werkreihe von Andreas Theurer.<\/a><\/p>\n<\/div><\/div>\n\n\n\n<div class=\"wp-block-group\"><div class=\"wp-block-group__inner-container is-layout-constrained wp-block-group-is-layout-constrained\">\n<h4 class=\"wp-block-heading\">Heribert Prantl . 2012<\/h4>\n\n\n\n<p><a href=\"https:\/\/andreas-theurer.com\/en\/wordpress\/text-prantl\/\">Auszug aus der Festrede zur Einweihung des Wirth-Denkmals \u201eTrib\u00fcne\u201c in Hof am 25.11.2012<\/a><\/p>\n<\/div><\/div>\n\n\n\n<div class=\"wp-block-group\"><div class=\"wp-block-group__inner-container is-layout-constrained wp-block-group-is-layout-constrained\">\n<h4 class=\"wp-block-heading\">Fritz Jacobi . 2012<\/h4>\n\n\n\n<p><a href=\"https:\/\/andreas-theurer.com\/en\/text-jacobi\/\">K\u00f6rper zwischen Statuarik und Anschauung<\/a><\/p>\n<\/div><\/div>\n\n\n\n<div class=\"wp-block-group\"><div class=\"wp-block-group__inner-container is-layout-constrained wp-block-group-is-layout-constrained\">\n<h4 class=\"wp-block-heading\">Jochen Boberg . 2012<\/h4>\n\n\n\n<p><a href=\"https:\/\/andreas-theurer.com\/en\/wordpress\/text-boberg\/\">Zerbrechliches Kontinuum \u2013 Das Spiel mit Raum und Zeit<\/a><\/p>\n<\/div><\/div>\n\n\n\n<div class=\"wp-block-group\"><div class=\"wp-block-group__inner-container is-layout-constrained wp-block-group-is-layout-constrained\">\n<h4 class=\"wp-block-heading\">Herbert Schirmer . 2010<\/h4>\n\n\n\n<p><a href=\"https:\/\/andreas-theurer.com\/en\/wordpress\/text-schirmer\/\">\u00dcber Andreas Theurer, Katalog \u201eAteliers &amp; Werkst\u00e4tten\u201c, L\u00fcbben 2010<\/a><\/p>\n<\/div><\/div>\n\n\n\n<div class=\"wp-block-group\"><div class=\"wp-block-group__inner-container is-layout-constrained wp-block-group-is-layout-constrained\">\n<h4 class=\"wp-block-heading\">\u00c7etin G\u00fczelhan . 2006<\/h4>\n\n\n\n<p><a href=\"https:\/\/andreas-theurer.com\/en\/wordpress\/text-guezelhan\/\">Text<\/a><\/p>\n<\/div><\/div>\n\n\n\n<div class=\"wp-block-group\"><div class=\"wp-block-group__inner-container is-layout-constrained wp-block-group-is-layout-constrained\">\n<h4 class=\"wp-block-heading\">Eugen Gomringer . 1998<\/h4>\n\n\n\n<p><a href=\"https:\/\/andreas-theurer.com\/en\/wordpress\/text-gomringer\/\">Festrede zur Einweihung des Wirth-Denkmals in Hof am 26.07.1998<\/a><\/p>\n<\/div><\/div>\n\n\n\n<div class=\"wp-block-group\"><div class=\"wp-block-group__inner-container is-layout-constrained wp-block-group-is-layout-constrained\">\n<h4 class=\"wp-block-heading\">Michael Pohly and John Robert Kelly . 2003<\/h4>\n\n\n\n<p><a href=\"https:\/\/andreas-theurer.com\/en\/wordpress\/text-pohly-and-kelly\/\">Perspektiven \u2013 ein Workshop und zwei Ausstellungen an der Faculty of Fine Arts der Kabul University<br>Die Ausstellung von Andreas Theurer (Auszug)<\/a><\/p>\n<\/div><\/div>\n\n\n\n<div class=\"wp-block-group\"><div class=\"wp-block-group__inner-container is-layout-constrained wp-block-group-is-layout-constrained\">\n<h4 class=\"wp-block-heading\">Werner St\u00f6tzer . 1993<\/h4>\n\n\n\n<p><a href=\"https:\/\/andreas-theurer.com\/en\/wordpress\/text-stoetzer\/\">Die Kenntniss \u00fcber die Arbeit des Andreas Theurer f\u00fchrte zu dem Wunsch einer pers\u00f6nlichen Begegnung mit ihm. F\u00fcr mich, den \u00c4lteren, war das ein Gewinn. Der Begegnung folgte durch Neugierde ein Kennenlernen von Theurers Werk &#8230;<\/a><\/p>\n<\/div><\/div>\n\n\n\n<div class=\"wp-block-group\"><div class=\"wp-block-group__inner-container is-layout-constrained wp-block-group-is-layout-constrained\">\n<h4 class=\"wp-block-heading\">Fritz Jacobi . 1992<\/h4>\n\n\n\n<p><a href=\"https:\/\/andreas-theurer.com\/en\/wordpress\/text-jacobi1992\/\">K\u00f6rperfl\u00e4chen als Raumzeichen<br>Zu neueren Skulpturen von Andreas Theurer<\/a><\/p>\n<\/div><\/div>\n\n\n\n<p><\/p>","protected":false},"excerpt":{"rendered":"<p>Texte Katharina Grosch . 2024 Antje Lechleiter . 2018 Zur Er\u00f6ffnung der Ausstellung \u201ePositionen im Raum\u201c in der st\u00e4dtischen Galerie im Alten Rathaus in Lahr Rainer Ehrt . 2018 Zur Vernissage Theurer \/ Beumelburg am 3.6. im Kunstverein Kleinmachnow (Auszug) Dorothee Bauerle-Willert . 2016 Zur Er\u00f6ffnung der Ausstellung \u201eMarion Eichmann, Karsten Kusch, Andreas Theurer\u201c im [&hellip;]<\/p>\n","protected":false},"author":1,"featured_media":0,"parent":0,"menu_order":0,"comment_status":"closed","ping_status":"closed","template":"","meta":{"footnotes":""},"class_list":["post-724","page","type-page","status-publish","hentry"],"_links":{"self":[{"href":"https:\/\/andreas-theurer.com\/en\/wp-json\/wp\/v2\/pages\/724","targetHints":{"allow":["GET"]}}],"collection":[{"href":"https:\/\/andreas-theurer.com\/en\/wp-json\/wp\/v2\/pages"}],"about":[{"href":"https:\/\/andreas-theurer.com\/en\/wp-json\/wp\/v2\/types\/page"}],"author":[{"embeddable":true,"href":"https:\/\/andreas-theurer.com\/en\/wp-json\/wp\/v2\/users\/1"}],"replies":[{"embeddable":true,"href":"https:\/\/andreas-theurer.com\/en\/wp-json\/wp\/v2\/comments?post=724"}],"version-history":[{"count":12,"href":"https:\/\/andreas-theurer.com\/en\/wp-json\/wp\/v2\/pages\/724\/revisions"}],"predecessor-version":[{"id":1329,"href":"https:\/\/andreas-theurer.com\/en\/wp-json\/wp\/v2\/pages\/724\/revisions\/1329"}],"wp:attachment":[{"href":"https:\/\/andreas-theurer.com\/en\/wp-json\/wp\/v2\/media?parent=724"}],"curies":[{"name":"wp","href":"https:\/\/api.w.org\/{rel}","templated":true}]}}