{"id":23,"date":"2024-02-08T16:33:29","date_gmt":"2024-02-08T15:33:29","guid":{"rendered":"https:\/\/andreastheurer.web257.s153.goserver.host\/?page_id=23"},"modified":"2025-10-12T18:33:34","modified_gmt":"2025-10-12T16:33:34","slug":"ausstellungen","status":"publish","type":"page","link":"https:\/\/andreas-theurer.com\/en\/ausstellungen\/","title":{"rendered":"Exhibitions"},"content":{"rendered":"<h2 class=\"wp-block-heading\">Exhibitions<\/h2>\n\n\n\n<figure class=\"wp-block-table\"><table><tbody><tr><td>2025<\/td><td>NordArt 2025 . Kunstwerk Carlsh\u00fctte . B\u00fcdelsdorf<br>BBA Prizes . 10 Year Anniversary Exhibition . K\u00fchlhaus, Berlin<br>Galerie MLS . Cezanne \u00e0 l\u2019ombre du mur . Ausstellungsbeteiligung . Bordeaux<br>Magische R\u00e4ume . Galerie Kremers . Berlin<br><\/td><\/tr><tr><td>2024<\/td><td>Kunstkreis Hameln . Leise Laute . mit Edite Grinberga<br>Prioratskirche&nbsp;von&nbsp;Cayac . anl\u00e4sslich Lire En Poche . images&nbsp;de&nbsp;l\u2019exil&nbsp;. Bordeaux<br>Wege nach Wotruba . Kunstverein Triftern . Haus f\u00fcr zeitgen\u00f6ssische Kunst<br>Haus des Papiers . Balanced . Ausstellungsbeteiligung im Rahmen des Paper Art Awards<br>Spektrale 11 . TU-Wildau . Kunst und Wissenschaft &#8211; Entfesselung der Kr\u00e4fte !?<br>paper positions berlin . Stand der Galerie Tammen<br>Galerie Tammen Berlin . Andreas Theurer &#8211; Zeit Falten . mit Harald Gnade<br>art Karlsruhe 2024 . paper square . Galerie Tammen<\/td><\/tr><tr><td>2023<\/td><td>Galerie Peters-Barenbrock . Skulptur und Malerei . mit Edite Grinberga<br>Kunsthaus sans titre . mit Evelyn Sommerhoff und Peter Lindenberg<br>Galeriegesellschaft . Berlin Auguststra\u00dfe . Seest\u00fcck &amp; Sehst\u00fcck<\/td><\/tr><tr><td>2022<\/td><td>Taunus Art Club . Honneth \u2013 Kneidl \u2013 Theurer . Stadtgalerie Bad Soden<br>Atelier Rotklee . XLII Gruppenausstellung . Putbus<\/td><\/tr><tr><td>2021<\/td><td>Stadtmuseum Lahr . Kunstprojekt \u201eLahrer Raumwunder\u201c<br>Unlock2021 . Kunstpromenaden Dessau-Ro\u00dflau<br>Anhaltinischer Kunstverein . Orangerie der Gem\u00e4ldesammlung . Dessau (E)<\/td><\/tr><tr><td>2020<\/td><td>St\u00e4dtische Galerie Lahr . Skulpturensammlung Vol. 2<\/td><\/tr><tr><td>2019<\/td><td>Galerie Historischer Keller . Kunstamt Spandau . Berlin . (E mit Edite Grinberga)<br>Fontaneana . Kunstraum Neuruppin<\/td><\/tr><tr><td>2018<\/td><td>Landesvertretung Rheinland-Pfalz . (E mit Edite Grinberga) OK<br>Kunsttage Winningen . Evangelische Kirche (E)<br>Kunstverein Kleinmachnow . (E mit Jan Beumelburg)<br>Galerie Tammen &amp; Partner . Berlin . (E mit Sam Grigorian)<br>St\u00e4dtische Galerie Lahr . Positionen im Raum (E)<\/td><\/tr><tr><td>2017<\/td><td>Galerie MLS . Bordeaux . Pirosmanis Tisch<br>Kunstraum Neuruppin . Raumskulpturen (E)<br>Land(schafft)Kunst VI . Neuwerder . Brandenburg<br>Rooms \u2013 Special Guest im Atelier Brixy . Altes Pumpwerk Brixy mit Tammen &amp; Partner (E)<\/td><\/tr><tr><td>2016<\/td><td>VKU W\u00fcrzburg \u2013 Spit\u00e4le . Theurer \u2013 Lantenhammer (E mit Elvira Lantenhammer)<br>Otto-Galerie M\u00fcnchen (E mit Annette Selle)<br>Deutsche Wohnen AG \u2013 Gehag-Forum . Berlin (E mit Marion Eichmann . Karsten Kusch<br>Galerie Profil . Weimar (E mit Franziska Schwarzbach)<\/td><\/tr><tr><td>2015<\/td><td>art Karlsruhe 2015 . One-Artist-Show . Galerie Tammen &amp; Partner (E)<br>Land(schafft)Kunst V . Neuwerder . Brandenburg<br>Mensch! Berlin . Studienkirche St. Josef . Burghausen<br>Towering . 15. Art Event . Biomalzfabrik Teltow<\/td><\/tr><tr><td>2014<\/td><td>Hrdlicka Andenken . Franziskaner-Klosterkirche und Galerie Flierl . Berlin<br>Galerie ars alta . Kunstsommerwochen . Sankt M\u00e4rgen<br>Aktionale II . Das Nackte Sein . Verein Berliner K\u00fcnstler vbk<br>ArtEvent 2014 . Zeit-Arbeit . Hof 16 am Dorfplatz . Stahnsdorf<br>Pirosmani und die zeitgen\u00f6ssische Kunst . Georgisches Nationalmuseum Tiflis<br>Horizonte . Kommunale Galerie im Historischen Keller . Berlin<\/td><\/tr><tr><td>2013<\/td><td>Galerie Tammen &amp; Partner . Berlin (E mit Harald Gnade)<br>Freiheitshalle Hof (E)<br>Hrdlicka Andenken . Kunstbezirk im Gustav-Siegle-Haus . Stuttgart<br>13. Art Event im Z 200 . Kleinmachnow<br>Georgisches Nationalmuseum Tiflis . Karavanserei . Ausstellunsprojekt \u201eSpuren\u201c<\/td><\/tr><tr><td>2012<\/td><td>Unerh\u00f6rt . 12. Art Event . Biomalzfabrik Teltow<br>Land(schafft)Kunst IV . Neuwerder . Brandenburg<\/td><\/tr><tr><td>2011<\/td><td>Vacat . 11.Art Event, Teltow<br>Hrdlicka Andenken . Schloss\u00d6konomie Gern . Eggenfelden<br>Segantini on the rocks . Chiesa Bianca . Maloja . Schweiz (E mit Robert Honegger)<\/td><\/tr><tr><td>2010<\/td><td>Goldstaub . 10. Art Event . Fabrikantenvilla Teltow<br>Land(schafft)Kunst III . Neuwerder . Brandenburg<br>Messebeteiligung Contemporary Istanbul 2010 . Galerie Arte Istanbul<\/td><\/tr><tr><td>2009<\/td><td>Galerie Ruhnke . Potsdam (E)<br>Galerie Arte Istanbul . Istanbul<br>Messebeteiligung Contemporary Istanbul 2009 . Galerie Arte Istanbul<\/td><\/tr><tr><td>2008<\/td><td>Galerie im Saalbau . Kunstamt Neuk\u00f6lln . Berlin<br>Land(schafft)Kunst II . Neuwerder . Brandenburg<\/td><\/tr><tr><td>2007<\/td><td>Stiftung Schloss Neuhardenberg . Neuhardenberg<br>K\u00f6thener Quadrate . Internationales Kunstprojekt . Martinskirche zu K\u00f6then<\/td><\/tr><tr><td>2006<\/td><td>Land(schafft)Kunst . Kunstspektakel in Neuwerder . Brandenburg<\/td><\/tr><tr><td>2002<\/td><td>Kabul University . Faculty of Fine Arts . Afghanistan (E)<br>Schul-und Bethaus . Altlangsow (E mit Carla St\u00f6tzer)<\/td><\/tr><tr><td>2001<\/td><td>Stationen . Kunstverein Hof (E)<\/td><\/tr><tr><td>2000<\/td><td>Museum Schlo\u00df Mosigkau . Dessau (E mit Bernd Hennig)<\/td><\/tr><tr><td>1998<\/td><td>Kunstmesse Villa Oppenheim . Berlin<\/td><\/tr><tr><td>1997<\/td><td>Exterritorial II . ehemalige Kasernen . W\u00fcnsdorf<\/td><\/tr><tr><td>1996<\/td><td>Museum Schlo\u00df Mosigkau . Dessau<br>Korea\u00b4s Clay &amp; Fire Exhibition . Universiade Winter Games . Iksan . Korea<\/td><\/tr><tr><td>1995<\/td><td>Franziskanerklosterkirche . Berlin-Mitte<br>Galerie Pels-Leusden . Berlin<\/td><\/tr><tr><td>1994<\/td><td>Grafik-Messe Dresden<br>Galerie Augustus . Berlin (E)<\/td><\/tr><tr><td>1993<\/td><td>Kunst in Hahnhof . N\u00fcrnberg Feucht mit Gregor Hiltner (E)<br>Galerie Goldbach . Stadt Allendorf (E)<br>Brechthaus am Wei\u00dfensee . Berlin<br>Yavneh Art Workshop\u00b4s Gallery . Israel<br>Kunsthaus am Museum . K\u00f6ln<br>Galerie Pels-Leusden . Berlin<\/td><\/tr><tr><td>1992<\/td><td>Bildhauergalerie Messer-Ladwig . Berlin (E)<br>St\u00e4dtische Galerie . Filderstadt (E)<br>Forum im Kreishaus . Goslar (E)<br>Kunst und Norm . DIN-Institut, Berlin<br>Galerie Depelmann . Hannover\/Langenhagen<\/td><\/tr><tr><td>1991<\/td><td>Galerie T&amp;A . Berlin<br>Haus am K\u00f6llnischen Park . Berlin<\/td><\/tr><tr><td>1990<\/td><td>Freiplastik . Stadt Leonberg<\/td><\/tr><tr><td>1989<\/td><td>Art Express . Schlo\u00df Charlottenburg, Berlin<br>K\u00f6pfe . Galerie Volker Wiegand . K\u00f6ln<br>St\u00e4dtische Galerie . Plochingen (E)<br>Torhausgalerie Braunschweig (E mit Tonkus und Hoppe)<\/td><\/tr><tr><td>1988<\/td><td>Darmst\u00e4dter Sezession . Darmstadt<\/td><\/tr><tr><td>1986<\/td><td>Bildhauergalerie Messer-Ladwig . Berlin (E mit Vester und Kraft)<\/td><\/tr><tr><td>1984<\/td><td>Hypo-Galerie . Hof (E)<\/td><\/tr><tr><td>1983<\/td><td>Europ\u00e4ische Bildhauer . Galerie Hilger . Wien<\/td><\/tr><tr><td>1980<\/td><td>Stuttgart-Berlin . Hochschule der K\u00fcnste . Berlin<\/td><\/tr><tr><td>1979<\/td><td>Neolithikum . ein Beitrag zum 9. Internationaler Kunstkongress . Stuttgart<\/td><\/tr><tr><td><\/td><td>Einzelausstellung (E)<\/td><\/tr><\/tbody><\/table><\/figure>","protected":false},"excerpt":{"rendered":"<p>Ausstellungen 2025 NordArt 2025 . Kunstwerk Carlsh\u00fctte . B\u00fcdelsdorfBBA Prizes . 10 Year Anniversary Exhibition . K\u00fchlhaus, BerlinGalerie MLS . Cezanne \u00e0 l\u2019ombre du mur . Ausstellungsbeteiligung . BordeauxMagische R\u00e4ume . Galerie Kremers . Berlin 2024 Kunstkreis Hameln . Leise Laute . mit Edite GrinbergaPrioratskirche&nbsp;von&nbsp;Cayac . anl\u00e4sslich Lire En Poche . images&nbsp;de&nbsp;l\u2019exil&nbsp;. BordeauxWege nach Wotruba [&hellip;]<\/p>\n","protected":false},"author":1,"featured_media":0,"parent":0,"menu_order":0,"comment_status":"closed","ping_status":"closed","template":"","meta":{"footnotes":""},"class_list":["post-23","page","type-page","status-publish","hentry"],"_links":{"self":[{"href":"https:\/\/andreas-theurer.com\/en\/wp-json\/wp\/v2\/pages\/23","targetHints":{"allow":["GET"]}}],"collection":[{"href":"https:\/\/andreas-theurer.com\/en\/wp-json\/wp\/v2\/pages"}],"about":[{"href":"https:\/\/andreas-theurer.com\/en\/wp-json\/wp\/v2\/types\/page"}],"author":[{"embeddable":true,"href":"https:\/\/andreas-theurer.com\/en\/wp-json\/wp\/v2\/users\/1"}],"replies":[{"embeddable":true,"href":"https:\/\/andreas-theurer.com\/en\/wp-json\/wp\/v2\/comments?post=23"}],"version-history":[{"count":17,"href":"https:\/\/andreas-theurer.com\/en\/wp-json\/wp\/v2\/pages\/23\/revisions"}],"predecessor-version":[{"id":1245,"href":"https:\/\/andreas-theurer.com\/en\/wp-json\/wp\/v2\/pages\/23\/revisions\/1245"}],"wp:attachment":[{"href":"https:\/\/andreas-theurer.com\/en\/wp-json\/wp\/v2\/media?parent=23"}],"curies":[{"name":"wp","href":"https:\/\/api.w.org\/{rel}","templated":true}]}}